{"id":25555,"date":"2020-05-19T18:06:15","date_gmt":"2020-05-19T17:06:15","guid":{"rendered":"https:\/\/www.garcia-avocat-paris.fr\/licenciement\/?page_id=25555"},"modified":"2023-03-18T12:25:58","modified_gmt":"2023-03-18T11:25:58","slug":"competences-droit-du-travail","status":"publish","type":"page","link":"https:\/\/www.garcia-avocat-paris.fr\/licenciement\/competences-droit-du-travail\/","title":{"rendered":"Comp\u00e9tences droit du travail"},"content":{"rendered":"<h3><em>Avocat droit du travail pour les particuliers: Conseil et contentieux<img decoding=\"async\" class=\"alignright size-thumbnail wp-image-1229\" src=\"https:\/\/www.garcia-avocat-paris.fr\/licenciement\/wp-content\/uploads\/2015\/06\/avocat-du-travail-pour-particuliers-150x150.jpg\" alt=\"Avocat en droit du travail et son client se serrant la main; avocat paris\" width=\"150\" height=\"150\" srcset=\"https:\/\/www.garcia-avocat-paris.fr\/licenciement\/wp-content\/uploads\/2015\/06\/avocat-du-travail-pour-particuliers-150x150.jpg 150w, https:\/\/www.garcia-avocat-paris.fr\/licenciement\/wp-content\/uploads\/2015\/06\/avocat-du-travail-pour-particuliers-267x267.jpg 267w, https:\/\/www.garcia-avocat-paris.fr\/licenciement\/wp-content\/uploads\/2015\/06\/avocat-du-travail-pour-particuliers-100x100.jpg 100w\" sizes=\"(max-width: 150px) 100vw, 150px\" \/><\/em><strong><em><br \/>\n<\/em><\/strong><\/h3>\n<ul>\n<li style=\"text-align: justify;\">Analyse des clauses du contrat :\u00a0Mobilit\u00e9, clauses de non-concurrence, exclusivit\u00e9\u2026<\/li>\n<li style=\"text-align: justify;\"><a title=\"Avocat prud\u2019hommes\" href=\"https:\/\/www.garcia-avocat-paris.fr\/licenciement\/avocat-prudhommes\/\">Proc\u00e9dure prud\u2019homale<\/a> :\u00a0Conciliation, CPH, r\u00e9f\u00e9r\u00e9, appel.<\/li>\n<li style=\"text-align: justify;\">Proc\u00e9dure amiable :\u00a0Rupture conventionnelle, transaction.\n<ul>\n<li>Rupture conventionnelle :\u00a0Proc\u00e9dure qui permet \u00e0 l\u2019employeur et au salari\u00e9 de convenir en commun des conditions de la rupture du contrat de travail qui les lie. Accompagnement dans la n\u00e9gociation de la rupture conventionnelle. (<a title=\"La rupture conventionnelle\" href=\"https:\/\/www.garcia-avocat-paris.fr\/licenciement\/la-rupture-conventionnelle\/\">Voir notre article<\/a>)<\/li>\n<li>Transaction :\u00a0Accord qui permet de mettre fin au litige r\u00e9sultant d\u2019un licenciement par des concessions r\u00e9ciproques des parties.<\/li>\n<\/ul>\n<\/li>\n<li>Contestation de licenciement :\u00a0<a href=\"https:\/\/www.garcia-avocat-paris.fr\/licenciement\/licenciement-pour-motif-disciplinaire\/#8211-Licenciement-pour-faute-grave\">Licenciement pour faute grave<\/a>, licenciement pour faute lourde, licenciement pour cause r\u00e9elle et s\u00e9rieuse, mise en \u0153uvre de la proc\u00e9dure de contestation, pour demande de dommages et int\u00e9r\u00eats pour licenciement abusif.\n<ul>\n<li style=\"text-align: justify;\"><a title=\"Harc\u00e8lement moral\" href=\"https:\/\/www.garcia-avocat-paris.fr\/licenciement\/harcelement-moral\/\">Harc\u00e8lement moral<\/a>, <a title=\"Harc\u00e8lement sexuel\" href=\"https:\/\/www.garcia-avocat-paris.fr\/licenciement\/harcelement-sexuel\/\">harc\u00e8lement sexuel<\/a>, burn-out\u00a0:\u00a0Agissements r\u00e9p\u00e9t\u00e9s qui ont pour effet une d\u00e9gradation des conditions de travail du salari\u00e9. Le salari\u00e9 qui subit de tels agissements peut agir en justice.\u00a0(<a title=\"Harc\u00e8lement moral: pr\u00e9cision des r\u00e8gles de preuve\" href=\"https:\/\/www.garcia-avocat-paris.fr\/licenciement\/harcelement-moral-precision-des-regles-de-preuve\/\">Voir notre article<\/a>)<\/li>\n<li style=\"text-align: justify;\">Discrimination<\/li>\n<li style=\"text-align: justify;\"><a href=\"https:\/\/www.garcia-avocat-paris.fr\/licenciement\/cdd\/\">Requalification de contrat de travail<\/a> \u00e0 dur\u00e9e d\u00e9termin\u00e9e en contrat de travail \u00e0 dur\u00e9e ind\u00e9termin\u00e9e :\u00a0Proc\u00e9dure devant le conseil de prud\u2019hommes en requalification devant le bureau de jugement.<\/li>\n<li style=\"text-align: justify;\">Am\u00e9nagement du temps de travail :\u00a0Un accord d\u2019entreprise ou d\u2019\u00e9tablissement peuvent am\u00e9nager les horaires de travail.<\/li>\n<li style=\"text-align: justify;\">Modifications de contrat :\u00a0diff\u00e9rence entre une simple modification des conditions de travail et modification d\u2019un \u00e9l\u00e9ment essentiel du contrat de travail. (<a href=\"http:\/\/www.village-justice.com\/articles\/modification-contrat-travail,19215.html\" target=\"_blank\" rel=\"noopener noreferrer\">Voir notre article sur village de la justice<\/a>).<\/li>\n<li style=\"text-align: justify;\">R\u00e9siliation judiciaire du contrat et <a href=\"https:\/\/www.garcia-avocat-paris.fr\/licenciement\/prise-dacte-de-la-rupture\/\">prise d\u2019acte de la rupture<\/a> :\u00a0Possibilit\u00e9 de demander la r\u00e9siliation judiciaire en cas de manquement par l\u2019employeur de ses obligations contractuelles.<\/li>\n<\/ul>\n<\/li>\n<\/ul>\n<h3><\/h3>\n<hr \/>\n<h3><em>Avocat droit du travail pour les entreprises: Conseil et contentieux<img decoding=\"async\" class=\"alignright size-thumbnail wp-image-1228\" src=\"https:\/\/www.garcia-avocat-paris.fr\/licenciement\/wp-content\/uploads\/2015\/06\/avocat-du-travail-pour-entreprises-150x150.jpg\" alt=\"avocat en droit du travail en robe avec son code du travail \u00e0 la main; avocat \u00e0 paris\" width=\"150\" height=\"150\" srcset=\"https:\/\/www.garcia-avocat-paris.fr\/licenciement\/wp-content\/uploads\/2015\/06\/avocat-du-travail-pour-entreprises-150x150.jpg 150w, https:\/\/www.garcia-avocat-paris.fr\/licenciement\/wp-content\/uploads\/2015\/06\/avocat-du-travail-pour-entreprises-267x267.jpg 267w, https:\/\/www.garcia-avocat-paris.fr\/licenciement\/wp-content\/uploads\/2015\/06\/avocat-du-travail-pour-entreprises-100x100.jpg 100w\" sizes=\"(max-width: 150px) 100vw, 150px\" \/><\/em><\/h3>\n<p>Le cabinet accompagne ainsi les TPE\/PME dans les formalit\u00e9s relatives \u00e0 l\u2019embauche du salari\u00e9, la r\u00e9daction des contrats, l\u2019applicabilit\u00e9 des clauses sp\u00e9cifiques.<\/p>\n<p>En cours d\u2019ex\u00e9cution du contrat, le cabinet accompagne la gestion des conflits prud\u2019homaux pouvant intervenir. Il intervient \u00e9galement \u00e0 la recherche d\u2019une solution amiable en cas de conflit.<\/p>\n<p>Il accompagne les entreprises en mati\u00e8re de conseil pour toute question sur l\u2019application d\u2019une disposition l\u00e9gale.<\/p>\n<h3><\/h3>\n<hr \/>\n<h3><em>Les engagements du Cabinet<img decoding=\"async\" class=\"alignright size-thumbnail wp-image-1230\" src=\"https:\/\/www.garcia-avocat-paris.fr\/licenciement\/wp-content\/uploads\/2015\/06\/engagements-150x150.jpg\" alt=\"engagement du cabinet d'avocat en droit du travail\" width=\"150\" height=\"150\" srcset=\"https:\/\/www.garcia-avocat-paris.fr\/licenciement\/wp-content\/uploads\/2015\/06\/engagements-150x150.jpg 150w, https:\/\/www.garcia-avocat-paris.fr\/licenciement\/wp-content\/uploads\/2015\/06\/engagements-267x267.jpg 267w, https:\/\/www.garcia-avocat-paris.fr\/licenciement\/wp-content\/uploads\/2015\/06\/engagements-100x100.jpg 100w, https:\/\/www.garcia-avocat-paris.fr\/licenciement\/wp-content\/uploads\/2015\/06\/engagements.jpg 346w\" sizes=\"(max-width: 150px) 100vw, 150px\" \/><\/em><\/h3>\n<p><strong>Notre Cabinet s\u2019engage<\/strong>\u00a0:<\/p>\n<ul>\n<li>A vous conseiller dans votre int\u00e9r\u00eat et celui de votre dossier.<\/li>\n<li>De vous informer en toute diligence des chances de succ\u00e8s de votre affaire.<\/li>\n<li>A \u00e9tablir et choisir avec vous la meilleure strat\u00e9gie pour votre dossier.<\/li>\n<li>A vous informer du suivi de votre proc\u00e9dure et de son avancement.<\/li>\n<li>De vous faire parvenir au plus vite tout document vous concernant.<\/li>\n<li>A pratiquer <a href=\"https:\/\/www.garcia-avocat-paris.fr\/licenciement\/honoraires\/\">les honoraires<\/a> les plus justes pour les besoins de votre dossier.<\/li>\n<li>De respecter le calendrier judiciaire afin que votre dossier ce termine dans les meilleurs d\u00e9lais.<\/li>\n<\/ul>\n<p>&nbsp;<\/p>\n<p><strong><em>Partager:<\/em><\/strong><\/p>\n\n<div class=\"juiz_sps_links  counters_subtotal juiz_sps_displayed_bottom\" data-post-id=\"25555\">\n<p class=\"screen-reader-text juiz_sps_maybe_hidden_text\">Partager la publication \"Comp\u00e9tences droit du travail\"<\/p>\n\n\t<ul class=\"juiz_sps_links_list juiz_sps_hide_name\" onclick=\"void(0);\"><li class=\"juiz_sps_item juiz_sps_link_facebook\"><a href=\"https:\/\/www.facebook.com\/sharer.php?u=https%3A%2F%2Fwww.garcia-avocat-paris.fr%2Flicenciement%2Fwp-json%2Fwp%2Fv2%2Fpages%2F25555\" rel=\"nofollow\"  target=\"_blank\"  title=\"Partager cet article sur Facebook\" class=\"juiz_sps_button\" data-nobs-key=\"facebook\"><span class=\"juiz_sps_icon jsps-facebook\"><\/span><span class=\"juiz_sps_network_name\">Facebook<\/span><\/a><\/li><li class=\"juiz_sps_item juiz_sps_link_twitter\"><a href=\"https:\/\/x.com\/intent\/tweet?source=webclient&#038;original_referer=https%3A%2F%2Fwww.garcia-avocat-paris.fr%2Flicenciement%2Fwp-json%2Fwp%2Fv2%2Fpages%2F25555&#038;text=Comp%C3%A9tences%20droit%20du%20travail&#038;url=https%3A%2F%2Fwww.garcia-avocat-paris.fr%2Flicenciement%2Fwp-json%2Fwp%2Fv2%2Fpages%2F25555&#038;related=garciaavocat&#038;via=garciaavocat\" rel=\"nofollow\"  target=\"_blank\"  title=\"Partager cet article sur X\" class=\"juiz_sps_button\" data-nobs-key=\"twitter\"><span class=\"juiz_sps_icon jsps-twitter\"><\/span><span class=\"juiz_sps_network_name\">X<\/span><\/a><\/li><li class=\"juiz_sps_item juiz_sps_link_linkedin\"><a href=\"https:\/\/www.linkedin.com\/sharing\/share-offsite\/?url=https%3A%2F%2Fwww.garcia-avocat-paris.fr%2Flicenciement%2Fwp-json%2Fwp%2Fv2%2Fpages%2F25555\" rel=\"nofollow\"  target=\"_blank\"  title=\"Partager cet article sur LinkedIn\" class=\"juiz_sps_button\" data-nobs-key=\"linkedin\"><span class=\"juiz_sps_icon jsps-linkedin\"><\/span><span class=\"juiz_sps_network_name\">LinkedIn<\/span><\/a><\/li><\/ul>\n\t<\/div>\n\n\n","protected":false},"excerpt":{"rendered":"<p>Avocat droit du travail pour les particuliers: Conseil et contentieux Analyse des clauses du contrat :\u00a0Mobilit\u00e9, clauses de non-concurrence, exclusivit\u00e9\u2026 Proc\u00e9dure prud\u2019homale :\u00a0Conciliation, CPH, r\u00e9f\u00e9r\u00e9, appel. Proc\u00e9dure amiable :\u00a0Rupture conventionnelle, transaction. Rupture conventionnelle :\u00a0Proc\u00e9dure qui permet \u00e0 l\u2019employeur et au salari\u00e9 de convenir en commun des conditions de la rupture du contrat de travail qui [&hellip;]<\/p>\n","protected":false},"author":3,"featured_media":1072,"parent":0,"menu_order":0,"comment_status":"closed","ping_status":"closed","template":"","meta":{"inline_featured_image":false,"footnotes":""},"class_list":["post-25555","page","type-page","status-publish","has-post-thumbnail","hentry"],"yoast_head":"<!-- This site is optimized with the Yoast SEO plugin v27.4 - https:\/\/yoast.com\/product\/yoast-seo-wordpress\/ -->\n<title>Comp\u00e9tences droit du travail - Avocat Licenciement - Avocat Droit du Travail | Sarah GARCIA<\/title>\n<meta name=\"description\" content=\"Le cabinet accompagne les entreprises et les particuliers en conseils et contentieux relatif au droit du travail. Conflits prud\u2019homaux, solution amiable...\" \/>\n<meta name=\"robots\" content=\"index, follow, max-snippet:-1, max-image-preview:large, max-video-preview:-1\" \/>\n<link rel=\"canonical\" href=\"https:\/\/www.garcia-avocat-paris.fr\/licenciement\/competences-droit-du-travail\/\" \/>\n<meta property=\"og:locale\" content=\"fr_FR\" \/>\n<meta property=\"og:type\" content=\"article\" \/>\n<meta property=\"og:title\" content=\"Comp\u00e9tences droit du travail - Avocat Licenciement - Avocat Droit du Travail | Sarah GARCIA\" \/>\n<meta property=\"og:description\" content=\"Le cabinet accompagne les entreprises et les particuliers en conseils et contentieux relatif au droit du travail. Conflits prud\u2019homaux, solution amiable...\" \/>\n<meta property=\"og:url\" content=\"https:\/\/www.garcia-avocat-paris.fr\/licenciement\/competences-droit-du-travail\/\" \/>\n<meta property=\"og:site_name\" content=\"Avocat Licenciement - Avocat Droit du Travail | Sarah GARCIA\" \/>\n<meta property=\"article:publisher\" content=\"https:\/\/www.facebook.com\/Cabinet.SG.Avocat.Paris\" \/>\n<meta property=\"article:modified_time\" content=\"2023-03-18T11:25:58+00:00\" \/>\n<meta property=\"og:image\" content=\"https:\/\/www.garcia-avocat-paris.fr\/licenciement\/wp-content\/uploads\/2015\/05\/AVOCAT-DU-TRAVAIL.jpg\" \/>\n\t<meta property=\"og:image:width\" content=\"645\" \/>\n\t<meta property=\"og:image:height\" content=\"320\" \/>\n\t<meta property=\"og:image:type\" content=\"image\/jpeg\" \/>\n<meta name=\"twitter:card\" content=\"summary_large_image\" \/>\n<meta name=\"twitter:site\" content=\"@GarciaAvocat\" \/>\n<meta name=\"twitter:label1\" content=\"Dur\u00e9e de lecture estim\u00e9e\" \/>\n\t<meta name=\"twitter:data1\" content=\"2 minutes\" \/>\n<script type=\"application\/ld+json\" class=\"yoast-schema-graph\">{\"@context\":\"https:\\\/\\\/schema.org\",\"@graph\":[{\"@type\":\"WebPage\",\"@id\":\"https:\\\/\\\/www.garcia-avocat-paris.fr\\\/licenciement\\\/competences-droit-du-travail\\\/\",\"url\":\"https:\\\/\\\/www.garcia-avocat-paris.fr\\\/licenciement\\\/competences-droit-du-travail\\\/\",\"name\":\"Comp\u00e9tences droit du travail - Avocat Licenciement - Avocat Droit du Travail | Sarah GARCIA\",\"isPartOf\":{\"@id\":\"https:\\\/\\\/www.garcia-avocat-paris.fr\\\/licenciement\\\/#website\"},\"primaryImageOfPage\":{\"@id\":\"https:\\\/\\\/www.garcia-avocat-paris.fr\\\/licenciement\\\/competences-droit-du-travail\\\/#primaryimage\"},\"image\":{\"@id\":\"https:\\\/\\\/www.garcia-avocat-paris.fr\\\/licenciement\\\/competences-droit-du-travail\\\/#primaryimage\"},\"thumbnailUrl\":\"https:\\\/\\\/www.garcia-avocat-paris.fr\\\/licenciement\\\/wp-content\\\/uploads\\\/2015\\\/05\\\/AVOCAT-DU-TRAVAIL.jpg\",\"datePublished\":\"2020-05-19T17:06:15+00:00\",\"dateModified\":\"2023-03-18T11:25:58+00:00\",\"description\":\"Le cabinet accompagne les entreprises et les particuliers en conseils et contentieux relatif au droit du travail. Conflits prud\u2019homaux, solution amiable...\",\"breadcrumb\":{\"@id\":\"https:\\\/\\\/www.garcia-avocat-paris.fr\\\/licenciement\\\/competences-droit-du-travail\\\/#breadcrumb\"},\"inLanguage\":\"fr-FR\",\"potentialAction\":[{\"@type\":\"ReadAction\",\"target\":[\"https:\\\/\\\/www.garcia-avocat-paris.fr\\\/licenciement\\\/competences-droit-du-travail\\\/\"]}]},{\"@type\":\"ImageObject\",\"inLanguage\":\"fr-FR\",\"@id\":\"https:\\\/\\\/www.garcia-avocat-paris.fr\\\/licenciement\\\/competences-droit-du-travail\\\/#primaryimage\",\"url\":\"https:\\\/\\\/www.garcia-avocat-paris.fr\\\/licenciement\\\/wp-content\\\/uploads\\\/2015\\\/05\\\/AVOCAT-DU-TRAVAIL.jpg\",\"contentUrl\":\"https:\\\/\\\/www.garcia-avocat-paris.fr\\\/licenciement\\\/wp-content\\\/uploads\\\/2015\\\/05\\\/AVOCAT-DU-TRAVAIL.jpg\",\"width\":645,\"height\":320,\"caption\":\"AVOCAT DU TRAVAIL\"},{\"@type\":\"BreadcrumbList\",\"@id\":\"https:\\\/\\\/www.garcia-avocat-paris.fr\\\/licenciement\\\/competences-droit-du-travail\\\/#breadcrumb\",\"itemListElement\":[{\"@type\":\"ListItem\",\"position\":1,\"name\":\"Accueil\",\"item\":\"https:\\\/\\\/www.garcia-avocat-paris.fr\\\/licenciement\\\/\"},{\"@type\":\"ListItem\",\"position\":2,\"name\":\"Comp\u00e9tences droit du travail\"}]},{\"@type\":\"WebSite\",\"@id\":\"https:\\\/\\\/www.garcia-avocat-paris.fr\\\/licenciement\\\/#website\",\"url\":\"https:\\\/\\\/www.garcia-avocat-paris.fr\\\/licenciement\\\/\",\"name\":\"Avocat Licenciement - Avocat Droit du Travail | Sarah GARCIA\",\"description\":\"Avocat du Travail Paris - Le Blog\",\"publisher\":{\"@id\":\"https:\\\/\\\/www.garcia-avocat-paris.fr\\\/licenciement\\\/#organization\"},\"potentialAction\":[{\"@type\":\"SearchAction\",\"target\":{\"@type\":\"EntryPoint\",\"urlTemplate\":\"https:\\\/\\\/www.garcia-avocat-paris.fr\\\/licenciement\\\/?s={search_term_string}\"},\"query-input\":{\"@type\":\"PropertyValueSpecification\",\"valueRequired\":true,\"valueName\":\"search_term_string\"}}],\"inLanguage\":\"fr-FR\"},{\"@type\":\"Organization\",\"@id\":\"https:\\\/\\\/www.garcia-avocat-paris.fr\\\/licenciement\\\/#organization\",\"name\":\"Cabinet SG Avocat\",\"url\":\"https:\\\/\\\/www.garcia-avocat-paris.fr\\\/licenciement\\\/\",\"logo\":{\"@type\":\"ImageObject\",\"inLanguage\":\"fr-FR\",\"@id\":\"https:\\\/\\\/www.garcia-avocat-paris.fr\\\/licenciement\\\/#\\\/schema\\\/logo\\\/image\\\/\",\"url\":\"https:\\\/\\\/www.garcia-avocat-paris.fr\\\/licenciement\\\/wp-content\\\/uploads\\\/2015\\\/03\\\/Logo-du-cabinet-sg-avocat.jpg\",\"contentUrl\":\"https:\\\/\\\/www.garcia-avocat-paris.fr\\\/licenciement\\\/wp-content\\\/uploads\\\/2015\\\/03\\\/Logo-du-cabinet-sg-avocat.jpg\",\"width\":75,\"height\":79,\"caption\":\"Cabinet SG Avocat\"},\"image\":{\"@id\":\"https:\\\/\\\/www.garcia-avocat-paris.fr\\\/licenciement\\\/#\\\/schema\\\/logo\\\/image\\\/\"},\"sameAs\":[\"https:\\\/\\\/www.facebook.com\\\/Cabinet.SG.Avocat.Paris\",\"https:\\\/\\\/x.com\\\/GarciaAvocat\",\"https:\\\/\\\/www.linkedin.com\\\/pub\\\/sarah-garcia\\\/69\\\/24\\\/12b\"]}]}<\/script>\n<!-- \/ Yoast SEO plugin. -->","yoast_head_json":{"title":"Comp\u00e9tences droit du travail - Avocat Licenciement - Avocat Droit du Travail | Sarah GARCIA","description":"Le cabinet accompagne les entreprises et les particuliers en conseils et contentieux relatif au droit du travail. Conflits prud\u2019homaux, solution amiable...","robots":{"index":"index","follow":"follow","max-snippet":"max-snippet:-1","max-image-preview":"max-image-preview:large","max-video-preview":"max-video-preview:-1"},"canonical":"https:\/\/www.garcia-avocat-paris.fr\/licenciement\/competences-droit-du-travail\/","og_locale":"fr_FR","og_type":"article","og_title":"Comp\u00e9tences droit du travail - Avocat Licenciement - Avocat Droit du Travail | Sarah GARCIA","og_description":"Le cabinet accompagne les entreprises et les particuliers en conseils et contentieux relatif au droit du travail. Conflits prud\u2019homaux, solution amiable...","og_url":"https:\/\/www.garcia-avocat-paris.fr\/licenciement\/competences-droit-du-travail\/","og_site_name":"Avocat Licenciement - Avocat Droit du Travail | Sarah GARCIA","article_publisher":"https:\/\/www.facebook.com\/Cabinet.SG.Avocat.Paris","article_modified_time":"2023-03-18T11:25:58+00:00","og_image":[{"width":645,"height":320,"url":"https:\/\/www.garcia-avocat-paris.fr\/licenciement\/wp-content\/uploads\/2015\/05\/AVOCAT-DU-TRAVAIL.jpg","type":"image\/jpeg"}],"twitter_card":"summary_large_image","twitter_site":"@GarciaAvocat","twitter_misc":{"Dur\u00e9e de lecture estim\u00e9e":"2 minutes"},"schema":{"@context":"https:\/\/schema.org","@graph":[{"@type":"WebPage","@id":"https:\/\/www.garcia-avocat-paris.fr\/licenciement\/competences-droit-du-travail\/","url":"https:\/\/www.garcia-avocat-paris.fr\/licenciement\/competences-droit-du-travail\/","name":"Comp\u00e9tences droit du travail - Avocat Licenciement - Avocat Droit du Travail | Sarah GARCIA","isPartOf":{"@id":"https:\/\/www.garcia-avocat-paris.fr\/licenciement\/#website"},"primaryImageOfPage":{"@id":"https:\/\/www.garcia-avocat-paris.fr\/licenciement\/competences-droit-du-travail\/#primaryimage"},"image":{"@id":"https:\/\/www.garcia-avocat-paris.fr\/licenciement\/competences-droit-du-travail\/#primaryimage"},"thumbnailUrl":"https:\/\/www.garcia-avocat-paris.fr\/licenciement\/wp-content\/uploads\/2015\/05\/AVOCAT-DU-TRAVAIL.jpg","datePublished":"2020-05-19T17:06:15+00:00","dateModified":"2023-03-18T11:25:58+00:00","description":"Le cabinet accompagne les entreprises et les particuliers en conseils et contentieux relatif au droit du travail. Conflits prud\u2019homaux, solution amiable...","breadcrumb":{"@id":"https:\/\/www.garcia-avocat-paris.fr\/licenciement\/competences-droit-du-travail\/#breadcrumb"},"inLanguage":"fr-FR","potentialAction":[{"@type":"ReadAction","target":["https:\/\/www.garcia-avocat-paris.fr\/licenciement\/competences-droit-du-travail\/"]}]},{"@type":"ImageObject","inLanguage":"fr-FR","@id":"https:\/\/www.garcia-avocat-paris.fr\/licenciement\/competences-droit-du-travail\/#primaryimage","url":"https:\/\/www.garcia-avocat-paris.fr\/licenciement\/wp-content\/uploads\/2015\/05\/AVOCAT-DU-TRAVAIL.jpg","contentUrl":"https:\/\/www.garcia-avocat-paris.fr\/licenciement\/wp-content\/uploads\/2015\/05\/AVOCAT-DU-TRAVAIL.jpg","width":645,"height":320,"caption":"AVOCAT DU TRAVAIL"},{"@type":"BreadcrumbList","@id":"https:\/\/www.garcia-avocat-paris.fr\/licenciement\/competences-droit-du-travail\/#breadcrumb","itemListElement":[{"@type":"ListItem","position":1,"name":"Accueil","item":"https:\/\/www.garcia-avocat-paris.fr\/licenciement\/"},{"@type":"ListItem","position":2,"name":"Comp\u00e9tences droit du travail"}]},{"@type":"WebSite","@id":"https:\/\/www.garcia-avocat-paris.fr\/licenciement\/#website","url":"https:\/\/www.garcia-avocat-paris.fr\/licenciement\/","name":"Avocat Licenciement - Avocat Droit du Travail | Sarah GARCIA","description":"Avocat du Travail Paris - Le Blog","publisher":{"@id":"https:\/\/www.garcia-avocat-paris.fr\/licenciement\/#organization"},"potentialAction":[{"@type":"SearchAction","target":{"@type":"EntryPoint","urlTemplate":"https:\/\/www.garcia-avocat-paris.fr\/licenciement\/?s={search_term_string}"},"query-input":{"@type":"PropertyValueSpecification","valueRequired":true,"valueName":"search_term_string"}}],"inLanguage":"fr-FR"},{"@type":"Organization","@id":"https:\/\/www.garcia-avocat-paris.fr\/licenciement\/#organization","name":"Cabinet SG Avocat","url":"https:\/\/www.garcia-avocat-paris.fr\/licenciement\/","logo":{"@type":"ImageObject","inLanguage":"fr-FR","@id":"https:\/\/www.garcia-avocat-paris.fr\/licenciement\/#\/schema\/logo\/image\/","url":"https:\/\/www.garcia-avocat-paris.fr\/licenciement\/wp-content\/uploads\/2015\/03\/Logo-du-cabinet-sg-avocat.jpg","contentUrl":"https:\/\/www.garcia-avocat-paris.fr\/licenciement\/wp-content\/uploads\/2015\/03\/Logo-du-cabinet-sg-avocat.jpg","width":75,"height":79,"caption":"Cabinet SG Avocat"},"image":{"@id":"https:\/\/www.garcia-avocat-paris.fr\/licenciement\/#\/schema\/logo\/image\/"},"sameAs":["https:\/\/www.facebook.com\/Cabinet.SG.Avocat.Paris","https:\/\/x.com\/GarciaAvocat","https:\/\/www.linkedin.com\/pub\/sarah-garcia\/69\/24\/12b"]}]}},"_links":{"self":[{"href":"https:\/\/www.garcia-avocat-paris.fr\/licenciement\/wp-json\/wp\/v2\/pages\/25555","targetHints":{"allow":["GET"]}}],"collection":[{"href":"https:\/\/www.garcia-avocat-paris.fr\/licenciement\/wp-json\/wp\/v2\/pages"}],"about":[{"href":"https:\/\/www.garcia-avocat-paris.fr\/licenciement\/wp-json\/wp\/v2\/types\/page"}],"author":[{"embeddable":true,"href":"https:\/\/www.garcia-avocat-paris.fr\/licenciement\/wp-json\/wp\/v2\/users\/3"}],"replies":[{"embeddable":true,"href":"https:\/\/www.garcia-avocat-paris.fr\/licenciement\/wp-json\/wp\/v2\/comments?post=25555"}],"version-history":[{"count":0,"href":"https:\/\/www.garcia-avocat-paris.fr\/licenciement\/wp-json\/wp\/v2\/pages\/25555\/revisions"}],"wp:featuredmedia":[{"embeddable":true,"href":"https:\/\/www.garcia-avocat-paris.fr\/licenciement\/wp-json\/wp\/v2\/media\/1072"}],"wp:attachment":[{"href":"https:\/\/www.garcia-avocat-paris.fr\/licenciement\/wp-json\/wp\/v2\/media?parent=25555"}],"curies":[{"name":"wp","href":"https:\/\/api.w.org\/{rel}","templated":true}]}}