{"id":246,"date":"2014-09-30T20:40:24","date_gmt":"2014-09-30T19:40:24","guid":{"rendered":"https:\/\/www.garcia-avocat-paris.fr\/licenciement?page_id=246"},"modified":"2023-07-15T18:04:11","modified_gmt":"2023-07-15T17:04:11","slug":"honoraires","status":"publish","type":"page","link":"https:\/\/www.garcia-avocat-paris.fr\/licenciement\/honoraires\/","title":{"rendered":"Honoraires"},"content":{"rendered":"<header><\/header>\n<p><em><strong>Les honoraires du Cabinet sont fix\u00e9s en accord avec son client. Notre politique en la mati\u00e8re est guid\u00e9e par la transparence. Les honoraires sont fix\u00e9s d\u00e8s le d\u00e9but du dossier et font l\u2019objet d\u2019une convention d\u2019honoraires.<\/strong><\/em><\/p>\n<p style=\"text-align: justify;\">Un \u00e9tat d\u00e9taill\u00e9 des diligences accomplies est annex\u00e9 \u00e0 la note d\u2019honoraires.<img decoding=\"async\" class=\"alignright wp-image-852\" src=\"https:\/\/www.garcia-avocat-paris.fr\/licenciement\/wp-content\/uploads\/2015\/03\/honoraires.jpg\" alt=\"honoraires\" width=\"273\" height=\"181\" \/><\/p>\n<p style=\"text-align: justify;\">Ces honoraires sont donc fix\u00e9s en fonction du temps consacr\u00e9, de la difficult\u00e9 du dossier \u00a0et des frais expos\u00e9s.<\/p>\n<p style=\"text-align: justify;\">Trois types d\u2019honoraires sont pratiqu\u00e9s par le cabinet, notamment des honoraires au temps pass\u00e9, des honoraires fix\u00e9s de mani\u00e8re forfaitaire, ou un abonnement.<\/p>\n<h2 style=\"text-align: justify;\"><em><span style=\"text-decoration: underline;\">L\u2019honoraire au temps pass\u00e9<\/span><\/em><\/h2>\n<p style=\"text-align: justify;\">L\u2019honoraire \u00ab\u00a0au temps pass\u00e9\u00a0\u00bb est fix\u00e9 en fonction du temps consacr\u00e9 au dossier. Le tarif horaire est multipli\u00e9 par le temps consacr\u00e9 au dossier.<\/p>\n<p style=\"text-align: justify;\">Dans ce cas, un estimatif du nombre d\u2019heures est fix\u00e9. Toutefois, ce temps estimatif peut \u00eatre revu \u00e0 la hausse en cas de difficult\u00e9 particuli\u00e8re.<\/p>\n<p style=\"text-align: justify;\">Dans le cadre de la transparence qui est le leitmotiv du cabinet, il d\u00e9taille au client les raisons de cette facturation suppl\u00e9mentaire.<\/p>\n<h2 style=\"text-align: justify;\"><em><span style=\"text-decoration: underline;\">L\u2019honoraire forfaitaire<\/span><\/em><\/h2>\n<p style=\"text-align: justify;\">Dans la plupart des cas, le cabinet privil\u00e9gie l\u2019honoraire forfaitaire afin de permettre au client d\u2019avoir d\u00e8s le d\u00e9but une id\u00e9e du co\u00fbt de la proc\u00e9dure.<\/p>\n<p style=\"text-align: justify;\">L\u2019honoraire forfaitaire est fix\u00e9 avec l\u2019accord du client d\u00e8s le d\u00e9but de la prise en charge du dossier.<\/p>\n<h2 style=\"text-align: justify;\"><em><span style=\"text-decoration: underline;\">L\u2019abonnement<\/span><\/em><\/h2>\n<p style=\"text-align: justify;\">L\u2019abonnement est pratiqu\u00e9 lorsqu\u2019un client\u00a0 a recours au service de l\u2019avocat de mani\u00e8re r\u00e9guli\u00e8re. \u00a0Il sera ainsi plus int\u00e9ressant pour celui-ci de souscrire \u00e0 un contrat d\u2019abonnement.<\/p>\n<p style=\"text-align: justify;\">Le contrat d\u2019abonnement est fix\u00e9 g\u00e9n\u00e9ralement pour les soci\u00e9t\u00e9s, ou entreprises.<\/p>\n<p style=\"text-align: justify;\">Dans ce cas, une convention d\u2019abonnement permet de d\u00e9terminer les modalit\u00e9s d\u2019intervention de l\u2019avocat et les conditions de tarification.<\/p>\n<h2 style=\"text-align: justify;\"><em><span style=\"text-decoration: underline;\">L\u2019honoraire de r\u00e9sultat<\/span><\/em><\/h2>\n<p style=\"text-align: justify;\">L\u2019honoraire de r\u00e9sultat permet de fixer un honoraire minimum (forfaitaire) auquel se rajoute un honoraire compl\u00e9mentaire si le r\u00e9sultat du dossier est atteint.<\/p>\n<h2 style=\"text-align: justify;\"><em><span style=\"text-decoration: underline;\">Facilit\u00e9s de paiement- Aide juridictionnelle<\/span><\/em><\/h2>\n<p style=\"text-align: justify;\">Le cabinet permet les facilit\u00e9s de paiement avec la possibilit\u00e9 de r\u00e8glement en plusieurs fois. Il accepte les dossiers sous aide juridictionnelle partielle ou totale.<\/p>\n<p style=\"text-align: justify;\">Consulter \u00ab\u00a0<a href=\"https:\/\/www.service-public.fr\/\" target=\"_blank\" rel=\"noopener noreferrer\">vosdroits.service-public.fr<\/a>\u00a0\u00bb pour en savoir plus sur les Taux de prise en charge.<\/p>\n<h2 style=\"text-align: justify;\"><span style=\"text-decoration: underline;\"><em>Protection juridique<\/em><\/span><\/h2>\n<p style=\"text-align: justify;\">Enfin il est \u00e0 noter que beaucoup d\u2019assurance propose une protection juridique.<\/p>\n<p style=\"text-align: justify;\">Celle-ci prend en charge les honoraires de l\u2019avocat, les frais de proc\u00e9dure ainsi que les frais d\u2019expertise.<\/p>\n<p style=\"text-align: justify;\">L\u2019assur\u00e9 n\u2019a pas d\u2019obligation de choisir l\u2019avocat propos\u00e9 par son assurance, il peut choisir librement son <strong><em><span style=\"text-decoration: underline;\">avocat en droit du travail et droit social<\/span><\/em><\/strong>.<\/p>\n<p style=\"text-align: justify;\"><strong><em><span style=\"text-decoration: underline;\">Bon \u00e0 savoir<\/span><\/em><\/strong>\u00a0: La plupart des contrats de protection juridique assure l\u2019assur\u00e9 mais aussi sa famille ainsi que les personnes vivent habituellement avec la famille.<\/p>\n<p style=\"text-align: justify;\"><strong><em>Il est donc important de bien se renseigner aupr\u00e8s de vos assurances.<br \/>\n<\/em><\/strong><\/p>\n<p style=\"text-align: left;\"><span style=\"color: #ffffff;\">.<\/span><\/p>\n<p style=\"text-align: left;\"><span style=\"color: #ffffff;\">.<\/span><\/p>\n<p style=\"text-align: left;\"><span style=\"color: #ffffff;\">.<\/span><\/p>\n<p style=\"text-align: left;\"><span style=\"color: #ffffff;\">.<\/span><\/p>\n","protected":false},"excerpt":{"rendered":"<p>Les honoraires du Cabinet sont fix\u00e9s en accord avec son client. Notre politique en la mati\u00e8re est guid\u00e9e par la transparence. Les honoraires sont fix\u00e9s d\u00e8s le d\u00e9but du dossier et font l\u2019objet d\u2019une convention d\u2019honoraires. Un \u00e9tat d\u00e9taill\u00e9 des diligences accomplies est annex\u00e9 \u00e0 la note d\u2019honoraires. Ces honoraires sont donc fix\u00e9s en fonction [&hellip;]<\/p>\n","protected":false},"author":3,"featured_media":0,"parent":0,"menu_order":0,"comment_status":"closed","ping_status":"open","template":"","meta":{"inline_featured_image":false,"footnotes":""},"class_list":["post-246","page","type-page","status-publish","hentry"],"yoast_head":"<!-- This site is optimized with the Yoast SEO plugin v27.4 - https:\/\/yoast.com\/product\/yoast-seo-wordpress\/ -->\n<title>Avocat en droit du Travail - Honoraires du cabinet<\/title>\n<meta name=\"description\" content=\"Les honoraires du Cabinet sont fix\u00e9s en accord avec le client. Notre politique en la mati\u00e8re est guid\u00e9e par la transparence.\" \/>\n<meta name=\"robots\" content=\"index, follow, max-snippet:-1, max-image-preview:large, max-video-preview:-1\" \/>\n<link rel=\"canonical\" href=\"https:\/\/www.garcia-avocat-paris.fr\/licenciement\/honoraires\/\" \/>\n<meta property=\"og:locale\" content=\"fr_FR\" \/>\n<meta property=\"og:type\" content=\"article\" \/>\n<meta property=\"og:title\" content=\"Avocat en droit du Travail - Honoraires du cabinet\" \/>\n<meta property=\"og:description\" content=\"Les honoraires du Cabinet sont fix\u00e9s en accord avec le client. Notre politique en la mati\u00e8re est guid\u00e9e par la transparence.\" \/>\n<meta property=\"og:url\" content=\"https:\/\/www.garcia-avocat-paris.fr\/licenciement\/honoraires\/\" \/>\n<meta property=\"og:site_name\" content=\"Avocat Licenciement - Avocat Droit du Travail | Sarah GARCIA\" \/>\n<meta property=\"article:publisher\" content=\"https:\/\/www.facebook.com\/Cabinet.SG.Avocat.Paris\" \/>\n<meta property=\"article:modified_time\" content=\"2023-07-15T17:04:11+00:00\" \/>\n<meta property=\"og:image\" content=\"https:\/\/www.garcia-avocat-paris.fr\/licenciement\/wp-content\/uploads\/2015\/03\/honoraires.jpg\" \/>\n<meta name=\"twitter:card\" content=\"summary_large_image\" \/>\n<meta name=\"twitter:site\" content=\"@GarciaAvocat\" \/>\n<meta name=\"twitter:label1\" content=\"Dur\u00e9e de lecture estim\u00e9e\" \/>\n\t<meta name=\"twitter:data1\" content=\"3 minutes\" \/>\n<script type=\"application\/ld+json\" class=\"yoast-schema-graph\">{\"@context\":\"https:\\\/\\\/schema.org\",\"@graph\":[{\"@type\":\"WebPage\",\"@id\":\"https:\\\/\\\/www.garcia-avocat-paris.fr\\\/licenciement\\\/honoraires\\\/\",\"url\":\"https:\\\/\\\/www.garcia-avocat-paris.fr\\\/licenciement\\\/honoraires\\\/\",\"name\":\"Avocat en droit du Travail - Honoraires du cabinet\",\"isPartOf\":{\"@id\":\"https:\\\/\\\/www.garcia-avocat-paris.fr\\\/licenciement\\\/#website\"},\"primaryImageOfPage\":{\"@id\":\"https:\\\/\\\/www.garcia-avocat-paris.fr\\\/licenciement\\\/honoraires\\\/#primaryimage\"},\"image\":{\"@id\":\"https:\\\/\\\/www.garcia-avocat-paris.fr\\\/licenciement\\\/honoraires\\\/#primaryimage\"},\"thumbnailUrl\":\"https:\\\/\\\/www.garcia-avocat-paris.fr\\\/licenciement\\\/wp-content\\\/uploads\\\/2015\\\/03\\\/honoraires.jpg\",\"datePublished\":\"2014-09-30T19:40:24+00:00\",\"dateModified\":\"2023-07-15T17:04:11+00:00\",\"description\":\"Les honoraires du Cabinet sont fix\u00e9s en accord avec le client. Notre politique en la mati\u00e8re est guid\u00e9e par la transparence.\",\"breadcrumb\":{\"@id\":\"https:\\\/\\\/www.garcia-avocat-paris.fr\\\/licenciement\\\/honoraires\\\/#breadcrumb\"},\"inLanguage\":\"fr-FR\",\"potentialAction\":[{\"@type\":\"ReadAction\",\"target\":[\"https:\\\/\\\/www.garcia-avocat-paris.fr\\\/licenciement\\\/honoraires\\\/\"]}]},{\"@type\":\"ImageObject\",\"inLanguage\":\"fr-FR\",\"@id\":\"https:\\\/\\\/www.garcia-avocat-paris.fr\\\/licenciement\\\/honoraires\\\/#primaryimage\",\"url\":\"https:\\\/\\\/www.garcia-avocat-paris.fr\\\/licenciement\\\/wp-content\\\/uploads\\\/2015\\\/03\\\/honoraires.jpg\",\"contentUrl\":\"https:\\\/\\\/www.garcia-avocat-paris.fr\\\/licenciement\\\/wp-content\\\/uploads\\\/2015\\\/03\\\/honoraires.jpg\",\"width\":199,\"height\":132},{\"@type\":\"BreadcrumbList\",\"@id\":\"https:\\\/\\\/www.garcia-avocat-paris.fr\\\/licenciement\\\/honoraires\\\/#breadcrumb\",\"itemListElement\":[{\"@type\":\"ListItem\",\"position\":1,\"name\":\"Accueil\",\"item\":\"https:\\\/\\\/www.garcia-avocat-paris.fr\\\/licenciement\\\/\"},{\"@type\":\"ListItem\",\"position\":2,\"name\":\"Honoraires\"}]},{\"@type\":\"WebSite\",\"@id\":\"https:\\\/\\\/www.garcia-avocat-paris.fr\\\/licenciement\\\/#website\",\"url\":\"https:\\\/\\\/www.garcia-avocat-paris.fr\\\/licenciement\\\/\",\"name\":\"Avocat Licenciement - Avocat Droit du Travail | Sarah GARCIA\",\"description\":\"Avocat du Travail Paris - Le Blog\",\"publisher\":{\"@id\":\"https:\\\/\\\/www.garcia-avocat-paris.fr\\\/licenciement\\\/#organization\"},\"potentialAction\":[{\"@type\":\"SearchAction\",\"target\":{\"@type\":\"EntryPoint\",\"urlTemplate\":\"https:\\\/\\\/www.garcia-avocat-paris.fr\\\/licenciement\\\/?s={search_term_string}\"},\"query-input\":{\"@type\":\"PropertyValueSpecification\",\"valueRequired\":true,\"valueName\":\"search_term_string\"}}],\"inLanguage\":\"fr-FR\"},{\"@type\":\"Organization\",\"@id\":\"https:\\\/\\\/www.garcia-avocat-paris.fr\\\/licenciement\\\/#organization\",\"name\":\"Cabinet SG Avocat\",\"url\":\"https:\\\/\\\/www.garcia-avocat-paris.fr\\\/licenciement\\\/\",\"logo\":{\"@type\":\"ImageObject\",\"inLanguage\":\"fr-FR\",\"@id\":\"https:\\\/\\\/www.garcia-avocat-paris.fr\\\/licenciement\\\/#\\\/schema\\\/logo\\\/image\\\/\",\"url\":\"https:\\\/\\\/www.garcia-avocat-paris.fr\\\/licenciement\\\/wp-content\\\/uploads\\\/2015\\\/03\\\/Logo-du-cabinet-sg-avocat.jpg\",\"contentUrl\":\"https:\\\/\\\/www.garcia-avocat-paris.fr\\\/licenciement\\\/wp-content\\\/uploads\\\/2015\\\/03\\\/Logo-du-cabinet-sg-avocat.jpg\",\"width\":75,\"height\":79,\"caption\":\"Cabinet SG Avocat\"},\"image\":{\"@id\":\"https:\\\/\\\/www.garcia-avocat-paris.fr\\\/licenciement\\\/#\\\/schema\\\/logo\\\/image\\\/\"},\"sameAs\":[\"https:\\\/\\\/www.facebook.com\\\/Cabinet.SG.Avocat.Paris\",\"https:\\\/\\\/x.com\\\/GarciaAvocat\",\"https:\\\/\\\/www.linkedin.com\\\/pub\\\/sarah-garcia\\\/69\\\/24\\\/12b\"]}]}<\/script>\n<!-- \/ Yoast SEO plugin. -->","yoast_head_json":{"title":"Avocat en droit du Travail - Honoraires du cabinet","description":"Les honoraires du Cabinet sont fix\u00e9s en accord avec le client. Notre politique en la mati\u00e8re est guid\u00e9e par la transparence.","robots":{"index":"index","follow":"follow","max-snippet":"max-snippet:-1","max-image-preview":"max-image-preview:large","max-video-preview":"max-video-preview:-1"},"canonical":"https:\/\/www.garcia-avocat-paris.fr\/licenciement\/honoraires\/","og_locale":"fr_FR","og_type":"article","og_title":"Avocat en droit du Travail - Honoraires du cabinet","og_description":"Les honoraires du Cabinet sont fix\u00e9s en accord avec le client. Notre politique en la mati\u00e8re est guid\u00e9e par la transparence.","og_url":"https:\/\/www.garcia-avocat-paris.fr\/licenciement\/honoraires\/","og_site_name":"Avocat Licenciement - Avocat Droit du Travail | Sarah GARCIA","article_publisher":"https:\/\/www.facebook.com\/Cabinet.SG.Avocat.Paris","article_modified_time":"2023-07-15T17:04:11+00:00","og_image":[{"url":"https:\/\/www.garcia-avocat-paris.fr\/licenciement\/wp-content\/uploads\/2015\/03\/honoraires.jpg","type":"","width":"","height":""}],"twitter_card":"summary_large_image","twitter_site":"@GarciaAvocat","twitter_misc":{"Dur\u00e9e de lecture estim\u00e9e":"3 minutes"},"schema":{"@context":"https:\/\/schema.org","@graph":[{"@type":"WebPage","@id":"https:\/\/www.garcia-avocat-paris.fr\/licenciement\/honoraires\/","url":"https:\/\/www.garcia-avocat-paris.fr\/licenciement\/honoraires\/","name":"Avocat en droit du Travail - Honoraires du cabinet","isPartOf":{"@id":"https:\/\/www.garcia-avocat-paris.fr\/licenciement\/#website"},"primaryImageOfPage":{"@id":"https:\/\/www.garcia-avocat-paris.fr\/licenciement\/honoraires\/#primaryimage"},"image":{"@id":"https:\/\/www.garcia-avocat-paris.fr\/licenciement\/honoraires\/#primaryimage"},"thumbnailUrl":"https:\/\/www.garcia-avocat-paris.fr\/licenciement\/wp-content\/uploads\/2015\/03\/honoraires.jpg","datePublished":"2014-09-30T19:40:24+00:00","dateModified":"2023-07-15T17:04:11+00:00","description":"Les honoraires du Cabinet sont fix\u00e9s en accord avec le client. Notre politique en la mati\u00e8re est guid\u00e9e par la transparence.","breadcrumb":{"@id":"https:\/\/www.garcia-avocat-paris.fr\/licenciement\/honoraires\/#breadcrumb"},"inLanguage":"fr-FR","potentialAction":[{"@type":"ReadAction","target":["https:\/\/www.garcia-avocat-paris.fr\/licenciement\/honoraires\/"]}]},{"@type":"ImageObject","inLanguage":"fr-FR","@id":"https:\/\/www.garcia-avocat-paris.fr\/licenciement\/honoraires\/#primaryimage","url":"https:\/\/www.garcia-avocat-paris.fr\/licenciement\/wp-content\/uploads\/2015\/03\/honoraires.jpg","contentUrl":"https:\/\/www.garcia-avocat-paris.fr\/licenciement\/wp-content\/uploads\/2015\/03\/honoraires.jpg","width":199,"height":132},{"@type":"BreadcrumbList","@id":"https:\/\/www.garcia-avocat-paris.fr\/licenciement\/honoraires\/#breadcrumb","itemListElement":[{"@type":"ListItem","position":1,"name":"Accueil","item":"https:\/\/www.garcia-avocat-paris.fr\/licenciement\/"},{"@type":"ListItem","position":2,"name":"Honoraires"}]},{"@type":"WebSite","@id":"https:\/\/www.garcia-avocat-paris.fr\/licenciement\/#website","url":"https:\/\/www.garcia-avocat-paris.fr\/licenciement\/","name":"Avocat Licenciement - Avocat Droit du Travail | Sarah GARCIA","description":"Avocat du Travail Paris - Le Blog","publisher":{"@id":"https:\/\/www.garcia-avocat-paris.fr\/licenciement\/#organization"},"potentialAction":[{"@type":"SearchAction","target":{"@type":"EntryPoint","urlTemplate":"https:\/\/www.garcia-avocat-paris.fr\/licenciement\/?s={search_term_string}"},"query-input":{"@type":"PropertyValueSpecification","valueRequired":true,"valueName":"search_term_string"}}],"inLanguage":"fr-FR"},{"@type":"Organization","@id":"https:\/\/www.garcia-avocat-paris.fr\/licenciement\/#organization","name":"Cabinet SG Avocat","url":"https:\/\/www.garcia-avocat-paris.fr\/licenciement\/","logo":{"@type":"ImageObject","inLanguage":"fr-FR","@id":"https:\/\/www.garcia-avocat-paris.fr\/licenciement\/#\/schema\/logo\/image\/","url":"https:\/\/www.garcia-avocat-paris.fr\/licenciement\/wp-content\/uploads\/2015\/03\/Logo-du-cabinet-sg-avocat.jpg","contentUrl":"https:\/\/www.garcia-avocat-paris.fr\/licenciement\/wp-content\/uploads\/2015\/03\/Logo-du-cabinet-sg-avocat.jpg","width":75,"height":79,"caption":"Cabinet SG Avocat"},"image":{"@id":"https:\/\/www.garcia-avocat-paris.fr\/licenciement\/#\/schema\/logo\/image\/"},"sameAs":["https:\/\/www.facebook.com\/Cabinet.SG.Avocat.Paris","https:\/\/x.com\/GarciaAvocat","https:\/\/www.linkedin.com\/pub\/sarah-garcia\/69\/24\/12b"]}]}},"_links":{"self":[{"href":"https:\/\/www.garcia-avocat-paris.fr\/licenciement\/wp-json\/wp\/v2\/pages\/246","targetHints":{"allow":["GET"]}}],"collection":[{"href":"https:\/\/www.garcia-avocat-paris.fr\/licenciement\/wp-json\/wp\/v2\/pages"}],"about":[{"href":"https:\/\/www.garcia-avocat-paris.fr\/licenciement\/wp-json\/wp\/v2\/types\/page"}],"author":[{"embeddable":true,"href":"https:\/\/www.garcia-avocat-paris.fr\/licenciement\/wp-json\/wp\/v2\/users\/3"}],"replies":[{"embeddable":true,"href":"https:\/\/www.garcia-avocat-paris.fr\/licenciement\/wp-json\/wp\/v2\/comments?post=246"}],"version-history":[{"count":0,"href":"https:\/\/www.garcia-avocat-paris.fr\/licenciement\/wp-json\/wp\/v2\/pages\/246\/revisions"}],"wp:attachment":[{"href":"https:\/\/www.garcia-avocat-paris.fr\/licenciement\/wp-json\/wp\/v2\/media?parent=246"}],"curies":[{"name":"wp","href":"https:\/\/api.w.org\/{rel}","templated":true}]}}