{"id":1252,"date":"2015-07-23T15:57:13","date_gmt":"2015-07-23T14:57:13","guid":{"rendered":"https:\/\/www.garcia-avocat-paris.fr\/licenciement?page_id=1252"},"modified":"2023-03-18T12:26:01","modified_gmt":"2023-03-18T11:26:01","slug":"avocat-droit-du-travail","status":"publish","type":"page","link":"https:\/\/www.garcia-avocat-paris.fr\/licenciement\/avocat-droit-du-travail\/","title":{"rendered":"Avocat Droit du Travail"},"content":{"rendered":"<p style=\"text-align: justify;\">Si, la relation contractuelle liant le salari\u00e9 \u00e0 l\u2019employeur caract\u00e9ris\u00e9 par un contrat de travail se passe dans la plupart sans probl\u00e8me. Il peut survenir \u00e0 la conclusion du contrat de travail ou lors de son ex\u00e9cution des difficult\u00e9s. Le r\u00f4le de l\u2019<strong>avocat en droit du travail <\/strong>en la mati\u00e8re est essentiel. L\u2019avocat en droit du travail pourra ainsi assister et repr\u00e9senter le salari\u00e9 lors de ces contentieux.<\/p>\n<div id=\"attachment_1255\" style=\"width: 221px\" class=\"wp-caption alignright\"><a href=\"https:\/\/www.garcia-avocat-paris.fr\/licenciement\/avocat-droit-du-travail\/\"><img decoding=\"async\" aria-describedby=\"caption-attachment-1255\" class=\" wp-image-1255\" src=\"https:\/\/www.garcia-avocat-paris.fr\/licenciement\/wp-content\/uploads\/2015\/07\/Ma\u00eetre-Garcia-Avocat-en-droit-du-travail-au-palais-de-justice.jpg\" alt=\"Ma\u00eetre Garcia Avocat droit du travail\" width=\"211\" height=\"317\" \/><\/a><p id=\"caption-attachment-1255\" class=\"wp-caption-text\">Ma\u00eetre Garcia &#8211; Avocat en droit du travail &#8211; Docteur en droit priv\u00e9<\/p><\/div>\n<p style=\"text-align: justify;\">L\u2019avocat en droit du travail peut aider \u00e0 la n\u00e9gociation dans le but de trouver une solution amiable. Si cette n\u00e9gociation aboutit \u00e0 un accord, un protocole transactionnel est sign\u00e9 entre les parties.<\/p>\n<p style=\"text-align: justify;\">Si aucun accord n\u2019est possible, le contentieux est port\u00e9 devant le conseil de Prud\u2019hommes. <strong>L\u2019avocat <\/strong>dans son accompagnement vous aidera \u00e0 rassembler tous les \u00e9l\u00e9ments (contrat de travail, bulletins de paie, attestations, documents d\u2019entreprise, mails,\u2026) qui peuvent \u00eatre utilis\u00e9s \u00e0 titre de preuve.<\/p>\n<p style=\"text-align: justify;\"><strong>L<em>\u2019avocat du travail<\/em><\/strong> est comp\u00e9tent pour saisir la juridiction comp\u00e9tente en fonction du lieu de travail, du statut du salari\u00e9 (statut cadre pour la section encadrement). Ces r\u00e8gles de comp\u00e9tence sont importantes, car une mauvaise saisine peut participer \u00e0 allonger les d\u00e9lais de proc\u00e9dure.<\/p>\n<p style=\"text-align: justify;\">La comp\u00e9tence de <strong>l\u2019avocat en droit du travail <\/strong>est \u00e9galement n\u00e9cessaire pour chiffrer les demandes, de sorte \u00e0 pouvoir les fonder sur le plan juridique.<\/p>\n<p style=\"text-align: justify;\">Enfin, le recours \u00e0 un <strong>avocat <\/strong>est judicieux pour l\u2019articulation de l\u2019argumentation et de la plaidoirie devant le Conseil de prud\u2019hommes.<\/p>\n<p style=\"text-align: justify;\">C\u2019est pour toutes ces raisons, que je recommande d\u2019\u00eatre assist\u00e9 dans le cadre d\u2019un contentieux prud\u2019homal.<\/p>\n<p style=\"text-align: justify;\">Ainsi, avant m\u00eame l\u2019ex\u00e9cution du contrat de travail, le salari\u00e9 peut en effet revendiquer la qualit\u00e9 de salari\u00e9 du fait de la signature d\u2019une promesse d\u2019embauche. Le r\u00f4le de l\u2019avocat en droit du travail est donc de mettre en relief les conditions de validit\u00e9 de cet accord.<\/p>\n<p style=\"text-align: justify;\">En cas de licenciement, le salari\u00e9 peut en effet le contester. Il peut s\u2019agir de licenciement <strong><a href=\"https:\/\/www.garcia-avocat-paris.fr\/licenciement\/licenciement-economique\/\">pour motif \u00e9conomique<\/a><\/strong>, de <strong>licenciement verbal<\/strong>, <strong>licenciement disciplinaire<\/strong>\u2026<\/p>\n<p style=\"text-align: justify;\">La proc\u00e9dure devant le Conseil de prud\u2019hommes pouvant dans certains cas \u00eatre tr\u00e8s longue, comme par exemple dans le cas d\u2019un <strong>d\u00e9partage<\/strong>, je m\u2019engage \u00e0 vous informer tout au long de la proc\u00e9dure. Une confiance mutuelle tout au long de la proc\u00e9dure est n\u00e9cessaire.<\/p>\n<p style=\"text-align: justify;\">Avocate au barreau de Paris, Ma\u00eetre Sarah GARCIA a d\u00e9velopp\u00e9 un pan essentiel de son activit\u00e9 au <strong>droit du travail<\/strong>. Passionn\u00e9e par cette mati\u00e8re, en constante \u00e9volution, Ma\u00eetre GARCIA\u00a0accompagne et conseille les salari\u00e9s et les entreprises en droit du travail.<\/p>\n<p style=\"text-align: justify;\"><a href=\"https:\/\/www.garcia-avocat-paris.fr\/licenciement\/avocat-prudhommes\/\">Prud\u2019hommes<\/a>\u00a0\u2022 <a href=\"https:\/\/www.garcia-avocat-paris.fr\/licenciement\/la-demission\/\">La d\u00e9mission<\/a><\/p>\n<p><strong><em>Partager:<\/em><\/strong><\/p>\n\n<div class=\"juiz_sps_links  counters_subtotal juiz_sps_displayed_bottom\" data-post-id=\"1252\">\n<p class=\"screen-reader-text juiz_sps_maybe_hidden_text\">Partager la publication \"Avocat Droit du Travail\"<\/p>\n\n\t<ul class=\"juiz_sps_links_list juiz_sps_hide_name\" onclick=\"void(0);\"><li class=\"juiz_sps_item juiz_sps_link_facebook\"><a href=\"https:\/\/www.facebook.com\/sharer.php?u=https%3A%2F%2Fwww.garcia-avocat-paris.fr%2Flicenciement%2Fwp-json%2Fwp%2Fv2%2Fpages%2F1252\" rel=\"nofollow\"  target=\"_blank\"  title=\"Partager cet article sur Facebook\" class=\"juiz_sps_button\" data-nobs-key=\"facebook\"><span class=\"juiz_sps_icon jsps-facebook\"><\/span><span class=\"juiz_sps_network_name\">Facebook<\/span><\/a><\/li><li class=\"juiz_sps_item juiz_sps_link_twitter\"><a href=\"https:\/\/x.com\/intent\/tweet?source=webclient&#038;original_referer=https%3A%2F%2Fwww.garcia-avocat-paris.fr%2Flicenciement%2Fwp-json%2Fwp%2Fv2%2Fpages%2F1252&#038;text=Avocat%20Droit%20du%20Travail&#038;url=https%3A%2F%2Fwww.garcia-avocat-paris.fr%2Flicenciement%2Fwp-json%2Fwp%2Fv2%2Fpages%2F1252&#038;related=garciaavocat&#038;via=garciaavocat\" rel=\"nofollow\"  target=\"_blank\"  title=\"Partager cet article sur X\" class=\"juiz_sps_button\" data-nobs-key=\"twitter\"><span class=\"juiz_sps_icon jsps-twitter\"><\/span><span class=\"juiz_sps_network_name\">X<\/span><\/a><\/li><li class=\"juiz_sps_item juiz_sps_link_linkedin\"><a href=\"https:\/\/www.linkedin.com\/sharing\/share-offsite\/?url=https%3A%2F%2Fwww.garcia-avocat-paris.fr%2Flicenciement%2Fwp-json%2Fwp%2Fv2%2Fpages%2F1252\" rel=\"nofollow\"  target=\"_blank\"  title=\"Partager cet article sur LinkedIn\" class=\"juiz_sps_button\" data-nobs-key=\"linkedin\"><span class=\"juiz_sps_icon jsps-linkedin\"><\/span><span class=\"juiz_sps_network_name\">LinkedIn<\/span><\/a><\/li><\/ul>\n\t<\/div>\n\n\n","protected":false},"excerpt":{"rendered":"<p>Si, la relation contractuelle liant le salari\u00e9 \u00e0 l\u2019employeur caract\u00e9ris\u00e9 par un contrat de travail se passe dans la plupart sans probl\u00e8me. Il peut survenir \u00e0 la conclusion du contrat de travail ou lors de son ex\u00e9cution des difficult\u00e9s. Le r\u00f4le de l\u2019avocat en droit du travail en la mati\u00e8re est essentiel. L\u2019avocat en droit [&hellip;]<\/p>\n","protected":false},"author":3,"featured_media":0,"parent":0,"menu_order":0,"comment_status":"open","ping_status":"open","template":"","meta":{"inline_featured_image":false,"footnotes":""},"class_list":["post-1252","page","type-page","status-publish","hentry"],"yoast_head":"<!-- This site is optimized with the Yoast SEO plugin v27.4 - https:\/\/yoast.com\/product\/yoast-seo-wordpress\/ -->\n<title>Avocat Droit du Travail Paris<\/title>\n<meta name=\"description\" content=\"Avocat droit du travail \u00e0 Paris, le cabinet assure la d\u00e9fense de vos int\u00e9r\u00eats. Ma\u00eetre Garcia Sarah vous guide et vous conseille en droit du travail.\" \/>\n<meta name=\"robots\" content=\"index, follow, max-snippet:-1, max-image-preview:large, max-video-preview:-1\" \/>\n<link rel=\"canonical\" href=\"https:\/\/www.garcia-avocat-paris.fr\/licenciement\/avocat-droit-du-travail\/\" \/>\n<meta property=\"og:locale\" content=\"fr_FR\" \/>\n<meta property=\"og:type\" content=\"article\" \/>\n<meta property=\"og:title\" content=\"Avocat Droit du Travail Paris\" \/>\n<meta property=\"og:description\" content=\"Avocat droit du travail \u00e0 Paris, le cabinet assure la d\u00e9fense de vos int\u00e9r\u00eats. Ma\u00eetre Garcia Sarah vous guide et vous conseille en droit du travail.\" \/>\n<meta property=\"og:url\" content=\"https:\/\/www.garcia-avocat-paris.fr\/licenciement\/avocat-droit-du-travail\/\" \/>\n<meta property=\"og:site_name\" content=\"Avocat Licenciement - Avocat Droit du Travail | Sarah GARCIA\" \/>\n<meta property=\"article:publisher\" content=\"https:\/\/www.facebook.com\/Cabinet.SG.Avocat.Paris\" \/>\n<meta property=\"article:modified_time\" content=\"2023-03-18T11:26:01+00:00\" \/>\n<meta name=\"twitter:card\" content=\"summary_large_image\" \/>\n<meta name=\"twitter:site\" content=\"@GarciaAvocat\" \/>\n<meta name=\"twitter:label1\" content=\"Dur\u00e9e de lecture estim\u00e9e\" \/>\n\t<meta name=\"twitter:data1\" content=\"2 minutes\" \/>\n<script type=\"application\/ld+json\" class=\"yoast-schema-graph\">{\"@context\":\"https:\\\/\\\/schema.org\",\"@graph\":[{\"@type\":\"WebPage\",\"@id\":\"https:\\\/\\\/www.garcia-avocat-paris.fr\\\/licenciement\\\/avocat-droit-du-travail\\\/\",\"url\":\"https:\\\/\\\/www.garcia-avocat-paris.fr\\\/licenciement\\\/avocat-droit-du-travail\\\/\",\"name\":\"Avocat Droit du Travail Paris\",\"isPartOf\":{\"@id\":\"https:\\\/\\\/www.garcia-avocat-paris.fr\\\/licenciement\\\/#website\"},\"datePublished\":\"2015-07-23T14:57:13+00:00\",\"dateModified\":\"2023-03-18T11:26:01+00:00\",\"description\":\"Avocat droit du travail \u00e0 Paris, le cabinet assure la d\u00e9fense de vos int\u00e9r\u00eats. Ma\u00eetre Garcia Sarah vous guide et vous conseille en droit du travail.\",\"breadcrumb\":{\"@id\":\"https:\\\/\\\/www.garcia-avocat-paris.fr\\\/licenciement\\\/avocat-droit-du-travail\\\/#breadcrumb\"},\"inLanguage\":\"fr-FR\",\"potentialAction\":[{\"@type\":\"ReadAction\",\"target\":[\"https:\\\/\\\/www.garcia-avocat-paris.fr\\\/licenciement\\\/avocat-droit-du-travail\\\/\"]}]},{\"@type\":\"BreadcrumbList\",\"@id\":\"https:\\\/\\\/www.garcia-avocat-paris.fr\\\/licenciement\\\/avocat-droit-du-travail\\\/#breadcrumb\",\"itemListElement\":[{\"@type\":\"ListItem\",\"position\":1,\"name\":\"Accueil\",\"item\":\"https:\\\/\\\/www.garcia-avocat-paris.fr\\\/licenciement\\\/\"},{\"@type\":\"ListItem\",\"position\":2,\"name\":\"Avocat Droit du Travail\"}]},{\"@type\":\"WebSite\",\"@id\":\"https:\\\/\\\/www.garcia-avocat-paris.fr\\\/licenciement\\\/#website\",\"url\":\"https:\\\/\\\/www.garcia-avocat-paris.fr\\\/licenciement\\\/\",\"name\":\"Avocat Licenciement - Avocat Droit du Travail | Sarah GARCIA\",\"description\":\"Avocat du Travail Paris - Le Blog\",\"publisher\":{\"@id\":\"https:\\\/\\\/www.garcia-avocat-paris.fr\\\/licenciement\\\/#organization\"},\"potentialAction\":[{\"@type\":\"SearchAction\",\"target\":{\"@type\":\"EntryPoint\",\"urlTemplate\":\"https:\\\/\\\/www.garcia-avocat-paris.fr\\\/licenciement\\\/?s={search_term_string}\"},\"query-input\":{\"@type\":\"PropertyValueSpecification\",\"valueRequired\":true,\"valueName\":\"search_term_string\"}}],\"inLanguage\":\"fr-FR\"},{\"@type\":\"Organization\",\"@id\":\"https:\\\/\\\/www.garcia-avocat-paris.fr\\\/licenciement\\\/#organization\",\"name\":\"Cabinet SG Avocat\",\"url\":\"https:\\\/\\\/www.garcia-avocat-paris.fr\\\/licenciement\\\/\",\"logo\":{\"@type\":\"ImageObject\",\"inLanguage\":\"fr-FR\",\"@id\":\"https:\\\/\\\/www.garcia-avocat-paris.fr\\\/licenciement\\\/#\\\/schema\\\/logo\\\/image\\\/\",\"url\":\"https:\\\/\\\/www.garcia-avocat-paris.fr\\\/licenciement\\\/wp-content\\\/uploads\\\/2015\\\/03\\\/Logo-du-cabinet-sg-avocat.jpg\",\"contentUrl\":\"https:\\\/\\\/www.garcia-avocat-paris.fr\\\/licenciement\\\/wp-content\\\/uploads\\\/2015\\\/03\\\/Logo-du-cabinet-sg-avocat.jpg\",\"width\":75,\"height\":79,\"caption\":\"Cabinet SG Avocat\"},\"image\":{\"@id\":\"https:\\\/\\\/www.garcia-avocat-paris.fr\\\/licenciement\\\/#\\\/schema\\\/logo\\\/image\\\/\"},\"sameAs\":[\"https:\\\/\\\/www.facebook.com\\\/Cabinet.SG.Avocat.Paris\",\"https:\\\/\\\/x.com\\\/GarciaAvocat\",\"https:\\\/\\\/www.linkedin.com\\\/pub\\\/sarah-garcia\\\/69\\\/24\\\/12b\"]}]}<\/script>\n<!-- \/ Yoast SEO plugin. -->","yoast_head_json":{"title":"Avocat Droit du Travail Paris","description":"Avocat droit du travail \u00e0 Paris, le cabinet assure la d\u00e9fense de vos int\u00e9r\u00eats. Ma\u00eetre Garcia Sarah vous guide et vous conseille en droit du travail.","robots":{"index":"index","follow":"follow","max-snippet":"max-snippet:-1","max-image-preview":"max-image-preview:large","max-video-preview":"max-video-preview:-1"},"canonical":"https:\/\/www.garcia-avocat-paris.fr\/licenciement\/avocat-droit-du-travail\/","og_locale":"fr_FR","og_type":"article","og_title":"Avocat Droit du Travail Paris","og_description":"Avocat droit du travail \u00e0 Paris, le cabinet assure la d\u00e9fense de vos int\u00e9r\u00eats. Ma\u00eetre Garcia Sarah vous guide et vous conseille en droit du travail.","og_url":"https:\/\/www.garcia-avocat-paris.fr\/licenciement\/avocat-droit-du-travail\/","og_site_name":"Avocat Licenciement - Avocat Droit du Travail | Sarah GARCIA","article_publisher":"https:\/\/www.facebook.com\/Cabinet.SG.Avocat.Paris","article_modified_time":"2023-03-18T11:26:01+00:00","twitter_card":"summary_large_image","twitter_site":"@GarciaAvocat","twitter_misc":{"Dur\u00e9e de lecture estim\u00e9e":"2 minutes"},"schema":{"@context":"https:\/\/schema.org","@graph":[{"@type":"WebPage","@id":"https:\/\/www.garcia-avocat-paris.fr\/licenciement\/avocat-droit-du-travail\/","url":"https:\/\/www.garcia-avocat-paris.fr\/licenciement\/avocat-droit-du-travail\/","name":"Avocat Droit du Travail Paris","isPartOf":{"@id":"https:\/\/www.garcia-avocat-paris.fr\/licenciement\/#website"},"datePublished":"2015-07-23T14:57:13+00:00","dateModified":"2023-03-18T11:26:01+00:00","description":"Avocat droit du travail \u00e0 Paris, le cabinet assure la d\u00e9fense de vos int\u00e9r\u00eats. Ma\u00eetre Garcia Sarah vous guide et vous conseille en droit du travail.","breadcrumb":{"@id":"https:\/\/www.garcia-avocat-paris.fr\/licenciement\/avocat-droit-du-travail\/#breadcrumb"},"inLanguage":"fr-FR","potentialAction":[{"@type":"ReadAction","target":["https:\/\/www.garcia-avocat-paris.fr\/licenciement\/avocat-droit-du-travail\/"]}]},{"@type":"BreadcrumbList","@id":"https:\/\/www.garcia-avocat-paris.fr\/licenciement\/avocat-droit-du-travail\/#breadcrumb","itemListElement":[{"@type":"ListItem","position":1,"name":"Accueil","item":"https:\/\/www.garcia-avocat-paris.fr\/licenciement\/"},{"@type":"ListItem","position":2,"name":"Avocat Droit du Travail"}]},{"@type":"WebSite","@id":"https:\/\/www.garcia-avocat-paris.fr\/licenciement\/#website","url":"https:\/\/www.garcia-avocat-paris.fr\/licenciement\/","name":"Avocat Licenciement - Avocat Droit du Travail | Sarah GARCIA","description":"Avocat du Travail Paris - Le Blog","publisher":{"@id":"https:\/\/www.garcia-avocat-paris.fr\/licenciement\/#organization"},"potentialAction":[{"@type":"SearchAction","target":{"@type":"EntryPoint","urlTemplate":"https:\/\/www.garcia-avocat-paris.fr\/licenciement\/?s={search_term_string}"},"query-input":{"@type":"PropertyValueSpecification","valueRequired":true,"valueName":"search_term_string"}}],"inLanguage":"fr-FR"},{"@type":"Organization","@id":"https:\/\/www.garcia-avocat-paris.fr\/licenciement\/#organization","name":"Cabinet SG Avocat","url":"https:\/\/www.garcia-avocat-paris.fr\/licenciement\/","logo":{"@type":"ImageObject","inLanguage":"fr-FR","@id":"https:\/\/www.garcia-avocat-paris.fr\/licenciement\/#\/schema\/logo\/image\/","url":"https:\/\/www.garcia-avocat-paris.fr\/licenciement\/wp-content\/uploads\/2015\/03\/Logo-du-cabinet-sg-avocat.jpg","contentUrl":"https:\/\/www.garcia-avocat-paris.fr\/licenciement\/wp-content\/uploads\/2015\/03\/Logo-du-cabinet-sg-avocat.jpg","width":75,"height":79,"caption":"Cabinet SG Avocat"},"image":{"@id":"https:\/\/www.garcia-avocat-paris.fr\/licenciement\/#\/schema\/logo\/image\/"},"sameAs":["https:\/\/www.facebook.com\/Cabinet.SG.Avocat.Paris","https:\/\/x.com\/GarciaAvocat","https:\/\/www.linkedin.com\/pub\/sarah-garcia\/69\/24\/12b"]}]}},"_links":{"self":[{"href":"https:\/\/www.garcia-avocat-paris.fr\/licenciement\/wp-json\/wp\/v2\/pages\/1252","targetHints":{"allow":["GET"]}}],"collection":[{"href":"https:\/\/www.garcia-avocat-paris.fr\/licenciement\/wp-json\/wp\/v2\/pages"}],"about":[{"href":"https:\/\/www.garcia-avocat-paris.fr\/licenciement\/wp-json\/wp\/v2\/types\/page"}],"author":[{"embeddable":true,"href":"https:\/\/www.garcia-avocat-paris.fr\/licenciement\/wp-json\/wp\/v2\/users\/3"}],"replies":[{"embeddable":true,"href":"https:\/\/www.garcia-avocat-paris.fr\/licenciement\/wp-json\/wp\/v2\/comments?post=1252"}],"version-history":[{"count":0,"href":"https:\/\/www.garcia-avocat-paris.fr\/licenciement\/wp-json\/wp\/v2\/pages\/1252\/revisions"}],"wp:attachment":[{"href":"https:\/\/www.garcia-avocat-paris.fr\/licenciement\/wp-json\/wp\/v2\/media?parent=1252"}],"curies":[{"name":"wp","href":"https:\/\/api.w.org\/{rel}","templated":true}]}}